{"id":9,"date":"2019-07-11T08:39:55","date_gmt":"2019-07-11T06:39:55","guid":{"rendered":"https:\/\/takemetothelakes.com\/?page_id=9"},"modified":"2021-05-03T17:21:35","modified_gmt":"2021-05-03T15:21:35","slug":"uber-uns","status":"publish","type":"page","link":"https:\/\/takemetothelakes.com\/en\/uber-uns\/","title":{"rendered":"Longing for Downtime"},"content":{"rendered":"\n<h2 class=\"has-text-align-center\"><\/h2>\n\n\n\n<h4><\/h4>\n\n\n\n<h4><strong>Take Me to the Lakes is a marriage between limnology, photography, design, recreation, relaxation and wanderlust. <\/strong><\/h4>\n\n\n\n<h4><strong>We hope to broaden your horizons and inspire you to venture beyond the cities&#8217; borders and busy streets. Get ready to embark on your very own journey of exploration.<\/strong><\/h4>\n\n\n\n<p class=\"has-text-align-left\"><strong>Our Lake Editions<\/strong><\/p>\n\n\n\n<p class=\"has-text-align-left has-medium-font-size\">How do you figure out which lakes are worth the precious time you have off from your busy, urban life? Where can you seek out the most spectacular views? Where will you find the clearest waters? Which beach promises fun for the whole family? And where should you head if you\u2019re looking for a secluded and tranquil getaway off the grid? These are just some of the questions our books set out to answer.<\/p>\n\n\n\n<p class=\"has-text-align-left has-medium-font-size\">Towels in tow, we spent the entire summer travelling to wondrous lakes in the area around <em>Berlin<\/em>, <em>Hamburg<\/em>, <em>M\u00fcnchen<\/em> and <em>NRW<\/em>. Countless sandy shores, green lawns, wooden piers and refreshing sundowners later, we narrowed down our list of lakes to a select 50 for each book. The lakes were chosen for the beauty of their natural surroundings, their unique character and the quality of their waters.<\/p>\n\n\n\n<p><strong>Our Weekender Editions<\/strong><\/p>\n\n\n\n<p class=\"has-medium-font-size\">Touring these fascinating bodies of water in every cardinal direction, we were delighted to come across beautiful bungalows and mesmerising holiday homes. Some establishments granted us informative walk-throughs. And others were so serene, we couldn\u2019t resist staying the night. <\/p>\n\n\n\n<p class=\"has-medium-font-size\">As city dwellers we know all too well how re-energising a weekend in the countryside can be\u2013so we decided to share our top lakeside getaways with you as an exciting add-on in our Weekender Editions.<\/p>\n\n\n\n<p class=\"has-medium-font-size\"><em>The slow-living idea has long since influenced the way we travel. You don&#8217;t have to travel thousands of kilometres when the good is so close at hand. With our publications we want to accompany this development.<\/em><\/p>\n\n\n\n<p>&nbsp;<br><strong>Our Publisher<\/strong><\/p>\n\n\n\n<p class=\"has-medium-font-size\">Take Me to the Lakes is published and distributed by our publishing house &#8220;The Gentle Temper&#8221;.<\/p>\n\n\n\n<p class=\"has-medium-font-size\"><a href=\"http:\/\/www.thegentletemper.com\" target=\"_blank\" rel=\"noreferrer noopener\" aria-label=\"The Gentle Temper (\u00f6ffnet in neuem Tab)\">The Gentle Temper<\/a> is an independent Berlin-based publishing house focusing on travel, photography and design, founded in 2016.<br><\/p>\n\n\n\n<h4 class=\"has-text-align-left\"><a href=\"https:\/\/takemetothelakes.com\/wp-content\/uploads\/2019\/07\/The-Gentle-Temper_Catalogue_October-2018.pdf\"><strong>2020 Catalogue<\/strong><\/a><\/h4>\n\n\n\n<figure class=\"wp-block-image\"><img decoding=\"async\" loading=\"lazy\" width=\"1024\" height=\"683\" src=\"https:\/\/takemetothelakes.com\/wp-content\/uploads\/2019\/09\/2018_0613_Take_Me_To_The_Lakes_INSTAGRAM_ONLY_03560_GDA-1-1024x683.jpg\" alt=\"2018 0613 Take Me To The Lakes Instagram Only 03560 Gda 1\" class=\"wp-image-1566\" srcset=\"https:\/\/takemetothelakes.com\/wp-content\/uploads\/2019\/09\/2018_0613_Take_Me_To_The_Lakes_INSTAGRAM_ONLY_03560_GDA-1-1024x683.jpg 1024w, https:\/\/takemetothelakes.com\/wp-content\/uploads\/2019\/09\/2018_0613_Take_Me_To_The_Lakes_INSTAGRAM_ONLY_03560_GDA-1-300x200.jpg 300w, https:\/\/takemetothelakes.com\/wp-content\/uploads\/2019\/09\/2018_0613_Take_Me_To_The_Lakes_INSTAGRAM_ONLY_03560_GDA-1-768x512.jpg 768w, https:\/\/takemetothelakes.com\/wp-content\/uploads\/2019\/09\/2018_0613_Take_Me_To_The_Lakes_INSTAGRAM_ONLY_03560_GDA-1-1536x1025.jpg 1536w, https:\/\/takemetothelakes.com\/wp-content\/uploads\/2019\/09\/2018_0613_Take_Me_To_The_Lakes_INSTAGRAM_ONLY_03560_GDA-1-800x534.jpg 800w, https:\/\/takemetothelakes.com\/wp-content\/uploads\/2019\/09\/2018_0613_Take_Me_To_The_Lakes_INSTAGRAM_ONLY_03560_GDA-1.jpg 1920w\" sizes=\"(max-width: 1024px) 100vw, 1024px\" \/><\/figure>\n\n\n\n<p class=\"has-text-align-left has-medium-font-size\">For book proposals, collaborative projects or any other requests,<a href=\"https:\/\/takemetothelakes.com\/kontakt\"> reach out to us<\/a> anytime. We look forward to meeting you!<\/p>\n","protected":false},"excerpt":{"rendered":"<p>Take Me to the Lakes is a marriage between limnology, photography, design, recreation, relaxation and wanderlust. We hope to broaden your horizons and inspire you to venture beyond the cities&#8217; borders and busy streets. Get ready to embark on your very own journey of exploration. Our Lake Editions How do you figure out which lakes [&hellip;]<\/p>\n","protected":false},"author":1,"featured_media":621,"parent":0,"menu_order":0,"comment_status":"closed","ping_status":"closed","template":"","meta":[],"acf":[],"yoast_head":"<!-- This site is optimized with the Yoast SEO plugin v20.3 - https:\/\/yoast.com\/wordpress\/plugins\/seo\/ -->\n<title>\u00dcber uns | Take Me to the Lakes<\/title>\n<meta name=\"description\" content=\"Wir sind ein unabh\u00e4ngiger Berliner Verlag mit Fokus auf Reisen, Fotografie und Design \u2022 Unsere B\u00fccher zeigen euch sch\u00f6ne Orte in der N\u00e4he \u2022 Take Me to the Lakes\" \/>\n<meta name=\"robots\" content=\"index, follow, max-snippet:-1, max-image-preview:large, max-video-preview:-1\" \/>\n<link rel=\"canonical\" href=\"https:\/\/takemetothelakes.com\/uber-uns\/\" \/>\n<meta property=\"og:locale\" content=\"en_US\" \/>\n<meta property=\"og:type\" content=\"article\" \/>\n<meta property=\"og:title\" content=\"Take Me to the Lakes \u2013 Designguides f\u00fcr die Sehnsucht nach Auszeit\" \/>\n<meta property=\"og:description\" content=\"Wir sind ein unabh\u00e4ngiger Berliner Verlag mit Fokus auf Reisen, Fotografie und Design \u2022 Unsere B\u00fccher zeigen euch sch\u00f6ne Orte in der N\u00e4he \u2022 Take Me to the Lakes\" \/>\n<meta property=\"og:url\" content=\"https:\/\/takemetothelakes.com\/uber-uns\/\" \/>\n<meta property=\"og:site_name\" content=\"Take Me to the Lakes\" \/>\n<meta property=\"article:publisher\" content=\"https:\/\/www.facebook.com\/takemetothelakes\/\" \/>\n<meta property=\"article:modified_time\" content=\"2021-05-03T15:21:35+00:00\" \/>\n<meta property=\"og:image\" content=\"https:\/\/takemetothelakes.com\/wp-content\/uploads\/2019\/07\/main_img-e1569335356890.jpg\" \/>\n\t<meta property=\"og:image:width\" content=\"1505\" \/>\n\t<meta property=\"og:image:height\" content=\"615\" \/>\n\t<meta property=\"og:image:type\" content=\"image\/jpeg\" \/>\n<meta name=\"twitter:card\" content=\"summary_large_image\" \/>\n<meta name=\"twitter:label1\" content=\"Est. reading time\" \/>\n\t<meta name=\"twitter:data1\" content=\"2 minutes\" \/>\n<script type=\"application\/ld+json\" class=\"yoast-schema-graph\">{\"@context\":\"https:\/\/schema.org\",\"@graph\":[{\"@type\":\"WebPage\",\"@id\":\"https:\/\/takemetothelakes.com\/uber-uns\/\",\"url\":\"https:\/\/takemetothelakes.com\/uber-uns\/\",\"name\":\"\u00dcber uns | Take Me to the Lakes\",\"isPartOf\":{\"@id\":\"https:\/\/takemetothelakes.com\/#website\"},\"datePublished\":\"2019-07-11T06:39:55+00:00\",\"dateModified\":\"2021-05-03T15:21:35+00:00\",\"description\":\"Wir sind ein unabh\u00e4ngiger Berliner Verlag mit Fokus auf Reisen, Fotografie und Design \u2022 Unsere B\u00fccher zeigen euch sch\u00f6ne Orte in der N\u00e4he \u2022 Take Me to the Lakes\",\"breadcrumb\":{\"@id\":\"https:\/\/takemetothelakes.com\/uber-uns\/#breadcrumb\"},\"inLanguage\":\"en-US\",\"potentialAction\":[{\"@type\":\"ReadAction\",\"target\":[\"https:\/\/takemetothelakes.com\/uber-uns\/\"]}]},{\"@type\":\"BreadcrumbList\",\"@id\":\"https:\/\/takemetothelakes.com\/uber-uns\/#breadcrumb\",\"itemListElement\":[{\"@type\":\"ListItem\",\"position\":1,\"name\":\"Home\",\"item\":\"https:\/\/takemetothelakes.com\/\"},{\"@type\":\"ListItem\",\"position\":2,\"name\":\"Die Sehnsucht nach Auszeit\"}]},{\"@type\":\"WebSite\",\"@id\":\"https:\/\/takemetothelakes.com\/#website\",\"url\":\"https:\/\/takemetothelakes.com\/\",\"name\":\"Take Me to the Lakes\",\"description\":\"Lake Stories\",\"publisher\":{\"@id\":\"https:\/\/takemetothelakes.com\/#organization\"},\"potentialAction\":[{\"@type\":\"SearchAction\",\"target\":{\"@type\":\"EntryPoint\",\"urlTemplate\":\"https:\/\/takemetothelakes.com\/?s={search_term_string}\"},\"query-input\":\"required name=search_term_string\"}],\"inLanguage\":\"en-US\"},{\"@type\":\"Organization\",\"@id\":\"https:\/\/takemetothelakes.com\/#organization\",\"name\":\"Take Me to the Lakes\",\"url\":\"https:\/\/takemetothelakes.com\/\",\"logo\":{\"@type\":\"ImageObject\",\"inLanguage\":\"en-US\",\"@id\":\"https:\/\/takemetothelakes.com\/#\/schema\/logo\/image\/\",\"url\":\"https:\/\/takemetothelakes.com\/wp-content\/uploads\/2019\/12\/logo-blue.svg\",\"contentUrl\":\"https:\/\/takemetothelakes.com\/wp-content\/uploads\/2019\/12\/logo-blue.svg\",\"width\":669,\"height\":62,\"caption\":\"Take Me to the Lakes\"},\"image\":{\"@id\":\"https:\/\/takemetothelakes.com\/#\/schema\/logo\/image\/\"},\"sameAs\":[\"https:\/\/www.facebook.com\/takemetothelakes\/\",\"https:\/\/www.instagram.com\/takemetothelakes\/\"]}]}<\/script>\n<!-- \/ Yoast SEO plugin. -->","yoast_head_json":{"title":"\u00dcber uns | Take Me to the Lakes","description":"Wir sind ein unabh\u00e4ngiger Berliner Verlag mit Fokus auf Reisen, Fotografie und Design \u2022 Unsere B\u00fccher zeigen euch sch\u00f6ne Orte in der N\u00e4he \u2022 Take Me to the Lakes","robots":{"index":"index","follow":"follow","max-snippet":"max-snippet:-1","max-image-preview":"max-image-preview:large","max-video-preview":"max-video-preview:-1"},"canonical":"https:\/\/takemetothelakes.com\/uber-uns\/","og_locale":"en_US","og_type":"article","og_title":"Take Me to the Lakes \u2013 Designguides f\u00fcr die Sehnsucht nach Auszeit","og_description":"Wir sind ein unabh\u00e4ngiger Berliner Verlag mit Fokus auf Reisen, Fotografie und Design \u2022 Unsere B\u00fccher zeigen euch sch\u00f6ne Orte in der N\u00e4he \u2022 Take Me to the Lakes","og_url":"https:\/\/takemetothelakes.com\/uber-uns\/","og_site_name":"Take Me to the Lakes","article_publisher":"https:\/\/www.facebook.com\/takemetothelakes\/","article_modified_time":"2021-05-03T15:21:35+00:00","og_image":[{"width":1505,"height":615,"url":"https:\/\/takemetothelakes.com\/wp-content\/uploads\/2019\/07\/main_img-e1569335356890.jpg","type":"image\/jpeg"}],"twitter_card":"summary_large_image","twitter_misc":{"Est. reading time":"2 minutes"},"schema":{"@context":"https:\/\/schema.org","@graph":[{"@type":"WebPage","@id":"https:\/\/takemetothelakes.com\/uber-uns\/","url":"https:\/\/takemetothelakes.com\/uber-uns\/","name":"\u00dcber uns | Take Me to the Lakes","isPartOf":{"@id":"https:\/\/takemetothelakes.com\/#website"},"datePublished":"2019-07-11T06:39:55+00:00","dateModified":"2021-05-03T15:21:35+00:00","description":"Wir sind ein unabh\u00e4ngiger Berliner Verlag mit Fokus auf Reisen, Fotografie und Design \u2022 Unsere B\u00fccher zeigen euch sch\u00f6ne Orte in der N\u00e4he \u2022 Take Me to the Lakes","breadcrumb":{"@id":"https:\/\/takemetothelakes.com\/uber-uns\/#breadcrumb"},"inLanguage":"en-US","potentialAction":[{"@type":"ReadAction","target":["https:\/\/takemetothelakes.com\/uber-uns\/"]}]},{"@type":"BreadcrumbList","@id":"https:\/\/takemetothelakes.com\/uber-uns\/#breadcrumb","itemListElement":[{"@type":"ListItem","position":1,"name":"Home","item":"https:\/\/takemetothelakes.com\/"},{"@type":"ListItem","position":2,"name":"Die Sehnsucht nach Auszeit"}]},{"@type":"WebSite","@id":"https:\/\/takemetothelakes.com\/#website","url":"https:\/\/takemetothelakes.com\/","name":"Take Me to the Lakes","description":"Lake Stories","publisher":{"@id":"https:\/\/takemetothelakes.com\/#organization"},"potentialAction":[{"@type":"SearchAction","target":{"@type":"EntryPoint","urlTemplate":"https:\/\/takemetothelakes.com\/?s={search_term_string}"},"query-input":"required name=search_term_string"}],"inLanguage":"en-US"},{"@type":"Organization","@id":"https:\/\/takemetothelakes.com\/#organization","name":"Take Me to the Lakes","url":"https:\/\/takemetothelakes.com\/","logo":{"@type":"ImageObject","inLanguage":"en-US","@id":"https:\/\/takemetothelakes.com\/#\/schema\/logo\/image\/","url":"https:\/\/takemetothelakes.com\/wp-content\/uploads\/2019\/12\/logo-blue.svg","contentUrl":"https:\/\/takemetothelakes.com\/wp-content\/uploads\/2019\/12\/logo-blue.svg","width":669,"height":62,"caption":"Take Me to the Lakes"},"image":{"@id":"https:\/\/takemetothelakes.com\/#\/schema\/logo\/image\/"},"sameAs":["https:\/\/www.facebook.com\/takemetothelakes\/","https:\/\/www.instagram.com\/takemetothelakes\/"]}]}},"_links":{"self":[{"href":"https:\/\/takemetothelakes.com\/en\/wp-json\/wp\/v2\/pages\/9"}],"collection":[{"href":"https:\/\/takemetothelakes.com\/en\/wp-json\/wp\/v2\/pages"}],"about":[{"href":"https:\/\/takemetothelakes.com\/en\/wp-json\/wp\/v2\/types\/page"}],"author":[{"embeddable":true,"href":"https:\/\/takemetothelakes.com\/en\/wp-json\/wp\/v2\/users\/1"}],"replies":[{"embeddable":true,"href":"https:\/\/takemetothelakes.com\/en\/wp-json\/wp\/v2\/comments?post=9"}],"version-history":[{"count":0,"href":"https:\/\/takemetothelakes.com\/en\/wp-json\/wp\/v2\/pages\/9\/revisions"}],"wp:featuredmedia":[{"embeddable":true,"href":"https:\/\/takemetothelakes.com\/en\/wp-json\/wp\/v2\/media\/621"}],"wp:attachment":[{"href":"https:\/\/takemetothelakes.com\/en\/wp-json\/wp\/v2\/media?parent=9"}],"curies":[{"name":"wp","href":"https:\/\/api.w.org\/{rel}","templated":true}]}}