{"id":667,"date":"2019-07-31T11:23:22","date_gmt":"2019-07-31T09:23:22","guid":{"rendered":"https:\/\/takemetothelakes.com\/en\/?page_id=667"},"modified":"2019-08-22T14:50:59","modified_gmt":"2019-08-22T12:50:59","slug":"stockists","status":"publish","type":"page","link":"https:\/\/takemetothelakes.com\/en\/stockists\/","title":{"rendered":"Stockists"},"content":{"rendered":"\n<p>Du m\u00f6chtest einen unserer Titel lieber station\u00e4r bei einem H\u00e4ndler kaufen? Kein Problem. Hier findest du alle unsere H\u00e4ndler, bei denen du unsere Titel bekommst. <\/p>\n\n\n\n<p>Am besten rufst du den H\u00e4ndler deines Vertrauens kurz an, um sicherzustellen, dass der gew\u00fcnschte Titel auch vorr\u00e4tig ist. Sollte dein H\u00e4ndler den Titel nicht vorr\u00e4tig haben, k\u00f6nnen wir ihn innerhalb von 1-2 Werktagen beliefern.<\/p>\n\n\n\n<p>Du hast selbst einen Concept Store oder eine Buchhandlung und m\u00f6chtest deinen Kunden Titel aus der Take Me to The Lakes Reihe anbieten? Schreib uns einfach eine E-Mail oder ruf uns an:<\/p>\n\n\n\n<p>Dr. Nils Kraiczy <br><a href=\"mailto:business@thegentletemper.com\" target=\"_blank\" rel=\"noreferrer noopener\" aria-label=\"business@thegentletemper.com\n (\u00f6ffnet in neuem Tab)\">business@thegentletemper.com<br><\/a>+49 30 398 204 66<\/p>\n","protected":false},"excerpt":{"rendered":"<p>Du m\u00f6chtest einen unserer Titel lieber station\u00e4r bei einem H\u00e4ndler kaufen? Kein Problem. Hier findest du alle unsere H\u00e4ndler, bei denen du unsere Titel bekommst. Am besten rufst du den H\u00e4ndler deines Vertrauens kurz an, um sicherzustellen, dass der gew\u00fcnschte Titel auch vorr\u00e4tig ist. Sollte dein H\u00e4ndler den Titel nicht vorr\u00e4tig haben, k\u00f6nnen wir ihn [&hellip;]<\/p>\n","protected":false},"author":1,"featured_media":0,"parent":0,"menu_order":0,"comment_status":"closed","ping_status":"closed","template":"templates\/seller.php","meta":[],"acf":[],"yoast_head":"<!-- This site is optimized with the Yoast SEO plugin v20.3 - https:\/\/yoast.com\/wordpress\/plugins\/seo\/ -->\n<title>Stockists - Take Me to the Lakes<\/title>\n<meta name=\"robots\" content=\"index, follow, max-snippet:-1, max-image-preview:large, max-video-preview:-1\" \/>\n<link rel=\"canonical\" href=\"https:\/\/takemetothelakes.com\/en\/stockists\/\" \/>\n<meta property=\"og:locale\" content=\"en_US\" \/>\n<meta property=\"og:type\" content=\"article\" \/>\n<meta property=\"og:title\" content=\"Stockists\" \/>\n<meta property=\"og:description\" content=\"Du m\u00f6chtest einen unserer Titel lieber station\u00e4r bei einem H\u00e4ndler kaufen? Kein Problem. Hier findest du alle unsere H\u00e4ndler, bei denen du unsere Titel bekommst. Am besten rufst du den H\u00e4ndler deines Vertrauens kurz an, um sicherzustellen, dass der gew\u00fcnschte Titel auch vorr\u00e4tig ist. Sollte dein H\u00e4ndler den Titel nicht vorr\u00e4tig haben, k\u00f6nnen wir ihn [&hellip;]\" \/>\n<meta property=\"og:url\" content=\"https:\/\/takemetothelakes.com\/en\/stockists\/\" \/>\n<meta property=\"og:site_name\" content=\"Take Me to the Lakes\" \/>\n<meta property=\"article:publisher\" content=\"https:\/\/www.facebook.com\/takemetothelakes\/\" \/>\n<meta property=\"article:modified_time\" content=\"2019-08-22T12:50:59+00:00\" \/>\n<meta name=\"twitter:card\" content=\"summary_large_image\" \/>\n<meta name=\"twitter:label1\" content=\"Est. reading time\" \/>\n\t<meta name=\"twitter:data1\" content=\"1 minute\" \/>\n<script type=\"application\/ld+json\" class=\"yoast-schema-graph\">{\"@context\":\"https:\/\/schema.org\",\"@graph\":[{\"@type\":\"WebPage\",\"@id\":\"https:\/\/takemetothelakes.com\/en\/stockists\/\",\"url\":\"https:\/\/takemetothelakes.com\/en\/stockists\/\",\"name\":\"[:de]H\u00e4ndler[:en]Stockists[:] - Take Me to the Lakes\",\"isPartOf\":{\"@id\":\"https:\/\/takemetothelakes.com\/#website\"},\"datePublished\":\"2019-07-31T09:23:22+00:00\",\"dateModified\":\"2019-08-22T12:50:59+00:00\",\"breadcrumb\":{\"@id\":\"https:\/\/takemetothelakes.com\/en\/stockists\/#breadcrumb\"},\"inLanguage\":\"en-US\",\"potentialAction\":[{\"@type\":\"ReadAction\",\"target\":[\"https:\/\/takemetothelakes.com\/en\/stockists\/\"]}]},{\"@type\":\"BreadcrumbList\",\"@id\":\"https:\/\/takemetothelakes.com\/en\/stockists\/#breadcrumb\",\"itemListElement\":[{\"@type\":\"ListItem\",\"position\":1,\"name\":\"Home\",\"item\":\"https:\/\/takemetothelakes.com\/\"},{\"@type\":\"ListItem\",\"position\":2,\"name\":\"Stockists\"}]},{\"@type\":\"WebSite\",\"@id\":\"https:\/\/takemetothelakes.com\/#website\",\"url\":\"https:\/\/takemetothelakes.com\/\",\"name\":\"Take Me to the Lakes\",\"description\":\"Lake Stories\",\"publisher\":{\"@id\":\"https:\/\/takemetothelakes.com\/#organization\"},\"potentialAction\":[{\"@type\":\"SearchAction\",\"target\":{\"@type\":\"EntryPoint\",\"urlTemplate\":\"https:\/\/takemetothelakes.com\/?s={search_term_string}\"},\"query-input\":\"required name=search_term_string\"}],\"inLanguage\":\"en-US\"},{\"@type\":\"Organization\",\"@id\":\"https:\/\/takemetothelakes.com\/#organization\",\"name\":\"Take Me to the Lakes\",\"url\":\"https:\/\/takemetothelakes.com\/\",\"logo\":{\"@type\":\"ImageObject\",\"inLanguage\":\"en-US\",\"@id\":\"https:\/\/takemetothelakes.com\/#\/schema\/logo\/image\/\",\"url\":\"https:\/\/takemetothelakes.com\/wp-content\/uploads\/2019\/12\/logo-blue.svg\",\"contentUrl\":\"https:\/\/takemetothelakes.com\/wp-content\/uploads\/2019\/12\/logo-blue.svg\",\"width\":669,\"height\":62,\"caption\":\"Take Me to the Lakes\"},\"image\":{\"@id\":\"https:\/\/takemetothelakes.com\/#\/schema\/logo\/image\/\"},\"sameAs\":[\"https:\/\/www.facebook.com\/takemetothelakes\/\",\"https:\/\/www.instagram.com\/takemetothelakes\/\"]}]}<\/script>\n<!-- \/ Yoast SEO plugin. -->","yoast_head_json":{"title":"Stockists - Take Me to the Lakes","robots":{"index":"index","follow":"follow","max-snippet":"max-snippet:-1","max-image-preview":"max-image-preview:large","max-video-preview":"max-video-preview:-1"},"canonical":"https:\/\/takemetothelakes.com\/en\/stockists\/","og_locale":"en_US","og_type":"article","og_title":"[:de]H\u00e4ndler[:en]Stockists[:] - Take Me to the Lakes","og_description":"Du m\u00f6chtest einen unserer Titel lieber station\u00e4r bei einem H\u00e4ndler kaufen? Kein Problem. Hier findest du alle unsere H\u00e4ndler, bei denen du unsere Titel bekommst. Am besten rufst du den H\u00e4ndler deines Vertrauens kurz an, um sicherzustellen, dass der gew\u00fcnschte Titel auch vorr\u00e4tig ist. Sollte dein H\u00e4ndler den Titel nicht vorr\u00e4tig haben, k\u00f6nnen wir ihn [&hellip;]","og_url":"https:\/\/takemetothelakes.com\/en\/stockists\/","og_site_name":"Take Me to the Lakes","article_publisher":"https:\/\/www.facebook.com\/takemetothelakes\/","article_modified_time":"2019-08-22T12:50:59+00:00","twitter_card":"summary_large_image","twitter_misc":{"Est. reading time":"1 minute"},"schema":{"@context":"https:\/\/schema.org","@graph":[{"@type":"WebPage","@id":"https:\/\/takemetothelakes.com\/en\/stockists\/","url":"https:\/\/takemetothelakes.com\/en\/stockists\/","name":"[:de]H\u00e4ndler[:en]Stockists[:] - Take Me to the Lakes","isPartOf":{"@id":"https:\/\/takemetothelakes.com\/#website"},"datePublished":"2019-07-31T09:23:22+00:00","dateModified":"2019-08-22T12:50:59+00:00","breadcrumb":{"@id":"https:\/\/takemetothelakes.com\/en\/stockists\/#breadcrumb"},"inLanguage":"en-US","potentialAction":[{"@type":"ReadAction","target":["https:\/\/takemetothelakes.com\/en\/stockists\/"]}]},{"@type":"BreadcrumbList","@id":"https:\/\/takemetothelakes.com\/en\/stockists\/#breadcrumb","itemListElement":[{"@type":"ListItem","position":1,"name":"Home","item":"https:\/\/takemetothelakes.com\/"},{"@type":"ListItem","position":2,"name":"Stockists"}]},{"@type":"WebSite","@id":"https:\/\/takemetothelakes.com\/#website","url":"https:\/\/takemetothelakes.com\/","name":"Take Me to the Lakes","description":"Lake Stories","publisher":{"@id":"https:\/\/takemetothelakes.com\/#organization"},"potentialAction":[{"@type":"SearchAction","target":{"@type":"EntryPoint","urlTemplate":"https:\/\/takemetothelakes.com\/?s={search_term_string}"},"query-input":"required name=search_term_string"}],"inLanguage":"en-US"},{"@type":"Organization","@id":"https:\/\/takemetothelakes.com\/#organization","name":"Take Me to the Lakes","url":"https:\/\/takemetothelakes.com\/","logo":{"@type":"ImageObject","inLanguage":"en-US","@id":"https:\/\/takemetothelakes.com\/#\/schema\/logo\/image\/","url":"https:\/\/takemetothelakes.com\/wp-content\/uploads\/2019\/12\/logo-blue.svg","contentUrl":"https:\/\/takemetothelakes.com\/wp-content\/uploads\/2019\/12\/logo-blue.svg","width":669,"height":62,"caption":"Take Me to the Lakes"},"image":{"@id":"https:\/\/takemetothelakes.com\/#\/schema\/logo\/image\/"},"sameAs":["https:\/\/www.facebook.com\/takemetothelakes\/","https:\/\/www.instagram.com\/takemetothelakes\/"]}]}},"_links":{"self":[{"href":"https:\/\/takemetothelakes.com\/en\/wp-json\/wp\/v2\/pages\/667"}],"collection":[{"href":"https:\/\/takemetothelakes.com\/en\/wp-json\/wp\/v2\/pages"}],"about":[{"href":"https:\/\/takemetothelakes.com\/en\/wp-json\/wp\/v2\/types\/page"}],"author":[{"embeddable":true,"href":"https:\/\/takemetothelakes.com\/en\/wp-json\/wp\/v2\/users\/1"}],"replies":[{"embeddable":true,"href":"https:\/\/takemetothelakes.com\/en\/wp-json\/wp\/v2\/comments?post=667"}],"version-history":[{"count":0,"href":"https:\/\/takemetothelakes.com\/en\/wp-json\/wp\/v2\/pages\/667\/revisions"}],"wp:attachment":[{"href":"https:\/\/takemetothelakes.com\/en\/wp-json\/wp\/v2\/media?parent=667"}],"curies":[{"name":"wp","href":"https:\/\/api.w.org\/{rel}","templated":true}]}}